{"id":13,"date":"2022-03-29T19:56:49","date_gmt":"2022-03-29T18:56:49","guid":{"rendered":"https:\/\/www.ek-plan.at\/cms\/?page_id=13"},"modified":"2025-06-29T08:31:43","modified_gmt":"2025-06-29T07:31:43","slug":"team","status":"publish","type":"page","link":"https:\/\/www.ek-plan.at\/cms\/team\/","title":{"rendered":"ek-plan Team"},"content":{"rendered":"<div class=\"wpb-content-wrapper\"><p>[vc_row][vc_column offset=&#8220;vc_hidden-sm vc_hidden-xs&#8220;]\n\t\t\t<!-- START ekplan Team REVOLUTION SLIDER 6.7.40 --><p class=\"rs-p-wp-fix\"><\/p>\n\t\t\t<rs-module-wrap id=\"rev_slider_6_1_wrapper\" data-source=\"gallery\" style=\"visibility:hidden;background:transparent;padding:0;margin:0px auto;margin-top:0;margin-bottom:0px;\">\n\t\t\t\t<rs-module id=\"rev_slider_6_1\" style=\"\" data-version=\"6.7.40\">\n\t\t\t\t\t<rs-slides style=\"overflow: hidden; position: absolute;\">\n\t\t\t\t\t\t<rs-slide style=\"position: absolute;\" data-key=\"rs-11\" data-title=\"Slide\" data-anim=\"adpr:false;ms:600;f:center;\" data-in=\"o:0;x:cyc(-10|10);y:cyc(-10|10);r:cyc(-10|10);sx:0.1;sy:0.1;row:8;col:8;\" data-out=\"a:false;\">\n\t\t\t\t\t\t\t<img decoding=\"async\" src=\"\/\/www.ek-plan.at\/cms\/wp-content\/plugins\/revslider\/sr6\/assets\/assets\/dummy.png\" alt=\"\" title=\"team-ek-plan-2025\" width=\"1920\" height=\"1000\" class=\"rev-slidebg tp-rs-img rs-lazyload\" data-lazyload=\"\/\/www.ek-plan.at\/cms\/wp-content\/uploads\/2025\/06\/team-ek-plan-2025.jpg\" data-bg=\"p:center top;f:contain;\" data-no-retina>\n<!---->\t\t\t\t\t<\/rs-slide>\n\t\t\t\t\t<\/rs-slides>\n\t\t\t\t<\/rs-module>\n\t\t\t\t<script>\n\t\t\t\t\tsetREVStartSize({c: 'rev_slider_6_1',rl:[1240,1024,1024,1024],el:[1000,768,768,768],gw:[1920,1024,1024,1024],gh:[1000,768,768,768],type:'standard',justify:'',layout:'fullwidth',mh:\"0\"});if (window.RS_MODULES!==undefined && window.RS_MODULES.modules!==undefined && window.RS_MODULES.modules[\"revslider61\"]!==undefined) {window.RS_MODULES.modules[\"revslider61\"].once = false;window.revapi6 = undefined;if (window.RS_MODULES.checkMinimal!==undefined) window.RS_MODULES.checkMinimal()}\n\t\t\t\t<\/script>\n\t\t\t<\/rs-module-wrap>\n\t\t\t<!-- END REVOLUTION SLIDER -->\n\t\t\t<div style=\"clear:both;display:block;width:100%;height:0px\"><\/div>[\/vc_column][\/vc_row][vc_row el_id=&#8220;ek-team-mobile&#8220;][vc_column offset=&#8220;vc_hidden-lg vc_hidden-md&#8220;]<div class=\"eltdf-elements-holder   eltdf-one-column  eltdf-responsive-mode-768 \" ><div class=\"eltdf-eh-item     \"  data-item-class=\"eltdf-eh-custom-3241\" data-768-1024=\"0 0 0 0\" data-680-768=\"0 0 0 0\" data-680=\"0 0 0 0\">\n\t\t<div class=\"eltdf-eh-item-inner\">\n\t\t<div class=\"eltdf-eh-item-content eltdf-eh-custom-3241\" >\n\t\t\t<div class=\"eltdf-single-image-holder   \">\n    <div class=\"eltdf-si-inner\" >\n                                    <img loading=\"lazy\" decoding=\"async\" width=\"1920\" height=\"1000\" src=\"https:\/\/www.ek-plan.at\/cms\/wp-content\/uploads\/2022\/04\/team-ek-plan.jpg\" class=\"attachment-full size-full\" alt=\"ekplan Team\" srcset=\"https:\/\/www.ek-plan.at\/cms\/wp-content\/uploads\/2022\/04\/team-ek-plan.jpg 1920w, https:\/\/www.ek-plan.at\/cms\/wp-content\/uploads\/2022\/04\/team-ek-plan-300x156.jpg 300w, https:\/\/www.ek-plan.at\/cms\/wp-content\/uploads\/2022\/04\/team-ek-plan-1024x533.jpg 1024w, https:\/\/www.ek-plan.at\/cms\/wp-content\/uploads\/2022\/04\/team-ek-plan-768x400.jpg 768w, https:\/\/www.ek-plan.at\/cms\/wp-content\/uploads\/2022\/04\/team-ek-plan-1536x800.jpg 1536w, https:\/\/www.ek-plan.at\/cms\/wp-content\/uploads\/2022\/04\/team-ek-plan-600x313.jpg 600w\" sizes=\"auto, (max-width: 1920px) 100vw, 1920px\" \/>                        <\/div>\n<\/div>\t\t<\/div>\n\t<\/div>\n<\/div>\n\n<\/div>[\/vc_column][\/vc_row][vc_row content_placement=&#8220;middle&#8220; row_content_width=&#8220;grid&#8220; css=&#8220;.vc_custom_1649968989045{margin-top: 50px !important;margin-bottom: 50px !important;padding-right: 0px !important;padding-left: 0px !important;}&#8220;][vc_column]<div class=\"eltdf-elements-holder   eltdf-one-column  eltdf-responsive-mode-1024 \" ><div class=\"eltdf-eh-item     \"  data-item-class=\"eltdf-eh-custom-7357\" data-768-1024=\"0 0 0 0\" data-680-768=\"0 0 0 0\" data-680=\"0 0 0 0\">\n\t\t<div class=\"eltdf-eh-item-inner\">\n\t\t<div class=\"eltdf-eh-item-content eltdf-eh-custom-7357\" >\n\t\t\t<div class=\"eltdf-section-title-holder  eltdf-st-standard eltdf-st-title-left eltdf-st-normal-space \" >\n\t<div class=\"eltdf-st-inner\">\n\t\t\t\t\t<h1 class=\"eltdf-st-title\" >\n\t\t\t\tMit Teamspirit zu Luftspr\u00fcngen!\t\t\t<\/h1>\n\t\t\t\t\t\t\t<div class=\"eltdf-separator-holder clearfix   \">\n\t<div class=\"eltdf-separator\" ><\/div>\n<\/div>\n\t\t\t\t\t\t\t<p class=\"eltdf-st-text\" >\n\t\t\t\tLuftspr\u00fcnge machen wir, wenn wir wieder ein herausforderndes Projekt gemeistert haben. Springen Sie mit uns und lassen Sie sich von unserem kompetenten Team \u00fcberzeugen - ehrlich, verl\u00e4sslich, zukunftsorientiert und menschlich.\t\t\t<\/p>\n\t\t\t<\/div>\n<\/div>\t\t<\/div>\n\t<\/div>\n<\/div>\n\n<\/div>[\/vc_column][\/vc_row][vc_row equal_height=&#8220;yes&#8220; row_content_width=&#8220;grid&#8220; content_text_aligment=&#8220;center&#8220;][vc_column]<div class=\"eltdf-elements-holder   eltdf-three-columns  eltdf-responsive-mode-1024 \" ><div class=\"eltdf-eh-item  eltdf-vertical-alignment-top  eltdf-element-from-left \"  data-item-class=\"eltdf-eh-custom-2292\" data-animation=\"eltdf-element-from-left\" data-animation-delay=\"200\" data-1366-1600=\"0 34px 80px 27px\" data-1024-1366=\"0 34px 80px 27px\" data-768-1024=\"0px 228px 50px\" data-680-768=\"0px 144px 50px\" data-680=\"0px 0 50px\">\n\t\t<div class=\"eltdf-eh-item-inner\">\n\t\t<div class=\"eltdf-eh-item-content eltdf-eh-custom-2292\" style=\"padding: 0 71px 80px 42px\">\n\t\t\t<div class=\"eltdf-team-holder eltdf-team-info-below-image\">\n\t<div class=\"eltdf-team-inner\">\n\t\t\t\t\t<div class=\"eltdf-team-image\">\n                <img loading=\"lazy\" decoding=\"async\" width=\"800\" height=\"800\" src=\"https:\/\/www.ek-plan.at\/cms\/wp-content\/uploads\/2022\/04\/team-klaus-ehgartner-p1.jpg\" class=\"attachment-full size-full\" alt=\"Klaus Ehgartner\" srcset=\"https:\/\/www.ek-plan.at\/cms\/wp-content\/uploads\/2022\/04\/team-klaus-ehgartner-p1.jpg 800w, https:\/\/www.ek-plan.at\/cms\/wp-content\/uploads\/2022\/04\/team-klaus-ehgartner-p1-300x300.jpg 300w, https:\/\/www.ek-plan.at\/cms\/wp-content\/uploads\/2022\/04\/team-klaus-ehgartner-p1-100x100.jpg 100w, https:\/\/www.ek-plan.at\/cms\/wp-content\/uploads\/2022\/04\/team-klaus-ehgartner-p1-600x600.jpg 600w, https:\/\/www.ek-plan.at\/cms\/wp-content\/uploads\/2022\/04\/team-klaus-ehgartner-p1-150x150.jpg 150w, https:\/\/www.ek-plan.at\/cms\/wp-content\/uploads\/2022\/04\/team-klaus-ehgartner-p1-768x768.jpg 768w, https:\/\/www.ek-plan.at\/cms\/wp-content\/uploads\/2022\/04\/team-klaus-ehgartner-p1-550x550.jpg 550w\" sizes=\"auto, (max-width: 800px) 100vw, 800px\" \/>\t\t\t<\/div>\n\t\t\t\t<div class=\"eltdf-team-info\">\n\t\t\t\t\t\t\t<h3 class=\"eltdf-team-name\" >Klaus Ehgartner<\/h3>\n\t\t\t\t\t\t\t\t\t\t<p class=\"eltdf-team-position\" >Inhaber<\/p>\n\t\t\t\t\t\t\t\t\t\t<p class=\"eltdf-team-text\" >Allgemein beeideter und gerichtlich zertifizierter Sachverst\u00e4ndige, Innungsmeister Vorarlberg<\/p>\n\t\t\t\t\t\t\t\t\t\t<div class=\"eltdf-team-social-holder\">\n\t\t\t\t\t\t\t\t\t\t\t<span class=\"eltdf-team-icon\">    <span class=\"eltdf-icon-shortcode eltdf-normal   \">\n                    <a class=\"\" href=\"mailto:klaus.ehgartner@ek-plan.at\" target=\"_self\">\n                    <i class=\"eltdf-icon-font-awesome fa fa-envelope eltdf-icon-element\"><\/i>                    <\/a>\n            <\/span>\n<\/span>\n\t\t\t\t\t\t\t\t\t\t\t<span class=\"eltdf-team-icon\">    <span class=\"eltdf-icon-shortcode eltdf-normal   \">\n                    <a class=\"\" href=\"https:\/\/de-de.facebook.com\/klaus.ehgartner\" target=\"_blank\">\n                    <i class=\"eltdf-icon-font-awesome fa fa-facebook eltdf-icon-element\"><\/i>                    <\/a>\n            <\/span>\n<\/span>\n\t\t\t\t\t\t\t\t\t<\/div>\n\t\t\t\t\t<\/div>\n\t<\/div>\n<\/div>\t\t<\/div>\n\t<\/div>\n<\/div>\n\n<div class=\"eltdf-eh-item  eltdf-vertical-alignment-top  eltdf-element-from-top \"  data-item-class=\"eltdf-eh-custom-9226\" data-animation=\"eltdf-element-from-top\" data-animation-delay=\"300\" data-1366-1600=\"0px 31px 80px 31px\" data-1024-1366=\"0px 31px 80px 31px\" data-768-1024=\"0px 228px 50px\" data-680-768=\"0px 144px 50px\" data-680=\"0px 0 50px\">\n\t\t<div class=\"eltdf-eh-item-inner\">\n\t\t<div class=\"eltdf-eh-item-content eltdf-eh-custom-9226\" style=\"padding: 0px 64px 80px 49px\">\n\t\t\t<div class=\"eltdf-team-holder eltdf-team-info-below-image\">\n\t<div class=\"eltdf-team-inner\">\n\t\t\t\t\t<div class=\"eltdf-team-image\">\n                <img loading=\"lazy\" decoding=\"async\" width=\"800\" height=\"800\" src=\"https:\/\/www.ek-plan.at\/cms\/wp-content\/uploads\/2022\/04\/team-sonja-haug-p1.jpg\" class=\"attachment-full size-full\" alt=\"Sonja Haug\" srcset=\"https:\/\/www.ek-plan.at\/cms\/wp-content\/uploads\/2022\/04\/team-sonja-haug-p1.jpg 800w, https:\/\/www.ek-plan.at\/cms\/wp-content\/uploads\/2022\/04\/team-sonja-haug-p1-300x300.jpg 300w, https:\/\/www.ek-plan.at\/cms\/wp-content\/uploads\/2022\/04\/team-sonja-haug-p1-150x150.jpg 150w, https:\/\/www.ek-plan.at\/cms\/wp-content\/uploads\/2022\/04\/team-sonja-haug-p1-768x768.jpg 768w, https:\/\/www.ek-plan.at\/cms\/wp-content\/uploads\/2022\/04\/team-sonja-haug-p1-550x550.jpg 550w\" sizes=\"auto, (max-width: 800px) 100vw, 800px\" \/>\t\t\t<\/div>\n\t\t\t\t<div class=\"eltdf-team-info\">\n\t\t\t\t\t\t\t<h3 class=\"eltdf-team-name\" >Sonja Haug<\/h3>\n\t\t\t\t\t\t\t\t\t\t<p class=\"eltdf-team-position\" >CAD Zeichnerin<\/p>\n\t\t\t\t\t\t\t\t\t\t\t\t\t<div class=\"eltdf-team-social-holder\">\n\t\t\t\t\t\t\t\t\t\t\t<span class=\"eltdf-team-icon\">    <span class=\"eltdf-icon-shortcode eltdf-normal   \">\n                    <a class=\"\" href=\"mailto:office@ek-plan.at\" target=\"_self\">\n                    <i class=\"eltdf-icon-font-awesome fa fa-envelope eltdf-icon-element\"><\/i>                    <\/a>\n            <\/span>\n<\/span>\n\t\t\t\t\t\t\t\t\t<\/div>\n\t\t\t\t\t<\/div>\n\t<\/div>\n<\/div>\t\t<\/div>\n\t<\/div>\n<\/div>\n\n<div class=\"eltdf-eh-item  eltdf-vertical-alignment-top  eltdf-element-from-right \"  data-item-class=\"eltdf-eh-custom-7275\" data-animation=\"eltdf-element-from-right\" data-animation-delay=\"400\" data-1366-1600=\"0px 28px 80px 34px\" data-1024-1366=\"0px 28px 80px 34px\" data-768-1024=\"0px 228px 7px\" data-680-768=\"0px 144px 0px\" data-680=\"0px 0 0px\">\n\t\t<div class=\"eltdf-eh-item-inner\">\n\t\t<div class=\"eltdf-eh-item-content eltdf-eh-custom-7275\" style=\"padding: 0px 54px 80px 60px\">\n\t\t\t<div class=\"eltdf-team-holder eltdf-team-info-below-image\">\n\t<div class=\"eltdf-team-inner\">\n\t\t\t\t\t<div class=\"eltdf-team-image\">\n                <img loading=\"lazy\" decoding=\"async\" width=\"800\" height=\"800\" src=\"https:\/\/www.ek-plan.at\/cms\/wp-content\/uploads\/2024\/06\/team-fabian-andrich-p2.jpg\" class=\"attachment-full size-full\" alt=\"\" srcset=\"https:\/\/www.ek-plan.at\/cms\/wp-content\/uploads\/2024\/06\/team-fabian-andrich-p2.jpg 800w, https:\/\/www.ek-plan.at\/cms\/wp-content\/uploads\/2024\/06\/team-fabian-andrich-p2-300x300.jpg 300w, https:\/\/www.ek-plan.at\/cms\/wp-content\/uploads\/2024\/06\/team-fabian-andrich-p2-150x150.jpg 150w, https:\/\/www.ek-plan.at\/cms\/wp-content\/uploads\/2024\/06\/team-fabian-andrich-p2-768x768.jpg 768w, https:\/\/www.ek-plan.at\/cms\/wp-content\/uploads\/2024\/06\/team-fabian-andrich-p2-550x550.jpg 550w\" sizes=\"auto, (max-width: 800px) 100vw, 800px\" \/>\t\t\t<\/div>\n\t\t\t\t<div class=\"eltdf-team-info\">\n\t\t\t\t\t\t\t<h3 class=\"eltdf-team-name\" >Fabian Andrich<\/h3>\n\t\t\t\t\t\t\t\t\t\t<p class=\"eltdf-team-position\" >Techniker<\/p>\n\t\t\t\t\t\t\t\t\t\t\t\t\t<div class=\"eltdf-team-social-holder\">\n\t\t\t\t\t\t\t\t\t\t\t<span class=\"eltdf-team-icon\">    <span class=\"eltdf-icon-shortcode eltdf-normal   \">\n                    <a class=\"\" href=\"mailto:technik@ek-plan.at\" target=\"_self\">\n                    <i class=\"eltdf-icon-font-awesome fa fa-envelope eltdf-icon-element\"><\/i>                    <\/a>\n            <\/span>\n<\/span>\n\t\t\t\t\t\t\t\t\t<\/div>\n\t\t\t\t\t<\/div>\n\t<\/div>\n<\/div>\t\t<\/div>\n\t<\/div>\n<\/div>\n\n<\/div><div class=\"eltdf-elements-holder   eltdf-three-columns  eltdf-responsive-mode-1024 \" ><div class=\"eltdf-eh-item  eltdf-vertical-alignment-top  eltdf-element-from-bottom \"  data-item-class=\"eltdf-eh-custom-9026\" data-animation=\"eltdf-element-from-bottom\" data-animation-delay=\"300\" data-1366-1600=\"0px 31px 120px 31px\" data-1024-1366=\"0px 31px 120px 31px\" data-768-1024=\"0px 228px 50px\" data-680-768=\"0px 144px 50px\" data-680=\"0px 0 50px\">\n\t\t<div class=\"eltdf-eh-item-inner\">\n\t\t<div class=\"eltdf-eh-item-content eltdf-eh-custom-9026\" style=\"padding: 0px 64px 120px 49px\">\n\t\t\t<div class=\"eltdf-team-holder eltdf-team-info-below-image\">\n\t<div class=\"eltdf-team-inner\">\n\t\t\t\t\t<div class=\"eltdf-team-image\">\n                <img loading=\"lazy\" decoding=\"async\" width=\"800\" height=\"800\" src=\"https:\/\/www.ek-plan.at\/cms\/wp-content\/uploads\/2022\/04\/team-marfied-egger-p1.jpg\" class=\"attachment-full size-full\" alt=\"Marfied Egger\" srcset=\"https:\/\/www.ek-plan.at\/cms\/wp-content\/uploads\/2022\/04\/team-marfied-egger-p1.jpg 800w, https:\/\/www.ek-plan.at\/cms\/wp-content\/uploads\/2022\/04\/team-marfied-egger-p1-300x300.jpg 300w, https:\/\/www.ek-plan.at\/cms\/wp-content\/uploads\/2022\/04\/team-marfied-egger-p1-100x100.jpg 100w, https:\/\/www.ek-plan.at\/cms\/wp-content\/uploads\/2022\/04\/team-marfied-egger-p1-600x600.jpg 600w, https:\/\/www.ek-plan.at\/cms\/wp-content\/uploads\/2022\/04\/team-marfied-egger-p1-150x150.jpg 150w, https:\/\/www.ek-plan.at\/cms\/wp-content\/uploads\/2022\/04\/team-marfied-egger-p1-768x768.jpg 768w, https:\/\/www.ek-plan.at\/cms\/wp-content\/uploads\/2022\/04\/team-marfied-egger-p1-550x550.jpg 550w\" sizes=\"auto, (max-width: 800px) 100vw, 800px\" \/>\t\t\t<\/div>\n\t\t\t\t<div class=\"eltdf-team-info\">\n\t\t\t\t\t\t\t<h3 class=\"eltdf-team-name\" >Marfled Egger<\/h3>\n\t\t\t\t\t\t\t\t\t\t<p class=\"eltdf-team-position\" >Backoffice<\/p>\n\t\t\t\t\t\t\t\t\t\t\t\t\t<div class=\"eltdf-team-social-holder\">\n\t\t\t\t\t\t\t\t\t\t\t<span class=\"eltdf-team-icon\">    <span class=\"eltdf-icon-shortcode eltdf-normal   \">\n                    <a class=\"\" href=\"mailto:backoffice@ek-plan.at\" target=\"_self\">\n                    <i class=\"eltdf-icon-font-awesome fa fa-envelope eltdf-icon-element\"><\/i>                    <\/a>\n            <\/span>\n<\/span>\n\t\t\t\t\t\t\t\t\t<\/div>\n\t\t\t\t\t<\/div>\n\t<\/div>\n<\/div>\t\t<\/div>\n\t<\/div>\n<\/div>\n\n<div class=\"eltdf-eh-item  eltdf-vertical-alignment-top  eltdf-element-from-right \"  data-item-class=\"eltdf-eh-custom-6273\" data-animation=\"eltdf-element-from-right\" data-animation-delay=\"400\" data-1366-1600=\"0px 28px 120px 34px\" data-1024-1366=\"0px 28px 120px 34px\" data-768-1024=\"0px 228px 50px\" data-680-768=\"0px 144px 50px\" data-680=\"0px 0 50px\">\n\t\t<div class=\"eltdf-eh-item-inner\">\n\t\t<div class=\"eltdf-eh-item-content eltdf-eh-custom-6273\" style=\"padding: 0px 54px 120px 60px\">\n\t\t\t<div class=\"eltdf-team-holder eltdf-team-info-below-image\">\n\t<div class=\"eltdf-team-inner\">\n\t\t\t\t\t<div class=\"eltdf-team-image\">\n                <img loading=\"lazy\" decoding=\"async\" width=\"800\" height=\"800\" src=\"https:\/\/www.ek-plan.at\/cms\/wp-content\/uploads\/2022\/04\/team-annelies-stieger-p1.jpg\" class=\"attachment-full size-full\" alt=\"Annelies Stieger\" srcset=\"https:\/\/www.ek-plan.at\/cms\/wp-content\/uploads\/2022\/04\/team-annelies-stieger-p1.jpg 800w, https:\/\/www.ek-plan.at\/cms\/wp-content\/uploads\/2022\/04\/team-annelies-stieger-p1-300x300.jpg 300w, https:\/\/www.ek-plan.at\/cms\/wp-content\/uploads\/2022\/04\/team-annelies-stieger-p1-100x100.jpg 100w, https:\/\/www.ek-plan.at\/cms\/wp-content\/uploads\/2022\/04\/team-annelies-stieger-p1-600x600.jpg 600w, https:\/\/www.ek-plan.at\/cms\/wp-content\/uploads\/2022\/04\/team-annelies-stieger-p1-150x150.jpg 150w, https:\/\/www.ek-plan.at\/cms\/wp-content\/uploads\/2022\/04\/team-annelies-stieger-p1-768x768.jpg 768w, https:\/\/www.ek-plan.at\/cms\/wp-content\/uploads\/2022\/04\/team-annelies-stieger-p1-550x550.jpg 550w\" sizes=\"auto, (max-width: 800px) 100vw, 800px\" \/>\t\t\t<\/div>\n\t\t\t\t<div class=\"eltdf-team-info\">\n\t\t\t\t\t\t\t<h3 class=\"eltdf-team-name\" >Annelies Stieger<\/h3>\n\t\t\t\t\t\t\t\t\t\t<p class=\"eltdf-team-position\" >Backoffice<\/p>\n\t\t\t\t\t\t\t\t\t\t\t\t\t<div class=\"eltdf-team-social-holder\">\n\t\t\t\t\t\t\t\t\t\t\t<span class=\"eltdf-team-icon\">    <span class=\"eltdf-icon-shortcode eltdf-normal   \">\n                    <a class=\"\" href=\"mailto:office@ek-plan.at\" target=\"_self\">\n                    <i class=\"eltdf-icon-font-awesome fa fa-envelope eltdf-icon-element\"><\/i>                    <\/a>\n            <\/span>\n<\/span>\n\t\t\t\t\t\t\t\t\t<\/div>\n\t\t\t\t\t<\/div>\n\t<\/div>\n<\/div>\t\t<\/div>\n\t<\/div>\n<\/div>\n\n<div class=\"eltdf-eh-item  eltdf-vertical-alignment-top  eltdf-element-from-right \"  data-item-class=\"eltdf-eh-custom-2063\" data-animation=\"eltdf-element-from-right\" data-animation-delay=\"400\" data-1366-1600=\"0px 28px 120px 34px\" data-1024-1366=\"0px 28px 120px 34px\" data-768-1024=\"0px 228px 50px\" data-680-768=\"0px 144px 50px\" data-680=\"0px 0 50px\">\n\t\t<div class=\"eltdf-eh-item-inner\">\n\t\t<div class=\"eltdf-eh-item-content eltdf-eh-custom-2063\" style=\"padding: 0px 54px 120px 60px\">\n\t\t\t\t\t<\/div>\n\t<\/div>\n<\/div>\n\n<\/div>[\/vc_column][\/vc_row][vc_row equal_height=&#8220;yes&#8220; content_placement=&#8220;top&#8220; row_content_width=&#8220;grid&#8220; simple_background_color=&#8220;#eeeeee&#8220; css=&#8220;.vc_custom_1651004570563{padding-top: 20px !important;padding-bottom: 30px !important;}&#8220;][vc_column width=&#8220;1\/4&#8243;][vc_single_image image=&#8220;911&#8243; img_size=&#8220;medium&#8220; alignment=&#8220;center&#8220; onclick=&#8220;custom_link&#8220; css_animation=&#8220;fadeInLeft&#8220; link=&#8220;https:\/\/www.ek-plan.at\/cms\/elektroplanung\/&#8220;][\/vc_column][vc_column width=&#8220;1\/4&#8243; css=&#8220;.vc_custom_1651004518691{padding-right: 0px !important;}&#8220;][vc_column_text css_animation=&#8220;fadeInLeft&#8220;]<\/p>\n<h3><a href=\"https:\/\/www.ek-plan.at\/cms\/elektroplanung\/\">Nachhaltige Konzepte<\/a><\/h3>\n<p>Wir erarbeiten mit Ihnen zusammen ein Konzept nach Ihren W\u00fcnschen, nach unseren Erfahrungen und im Rahmen der rechtlichen M\u00f6glichkeiten. <a href=\"https:\/\/www.ek-plan.at\/cms\/elektroplanung\/elektroplanung\/\">Info<\/a>[\/vc_column_text][\/vc_column][vc_column width=&#8220;1\/4&#8243;][vc_single_image image=&#8220;915&#8243; img_size=&#8220;medium&#8220; alignment=&#8220;center&#8220; onclick=&#8220;custom_link&#8220; css_animation=&#8220;fadeInRight&#8220; link=&#8220;https:\/\/www.ek-plan.at\/cms\/gutachten\/&#8220;][\/vc_column][vc_column css_animation=&#8220;fadeInRight&#8220; width=&#8220;1\/4&#8243; css=&#8220;.vc_custom_1651004764133{padding-right: 0px !important;}&#8220;][vc_column_text]<\/p>\n<h3><a href=\"https:\/\/www.ek-plan.at\/cms\/gutachten\/\">Gutachten<\/a><\/h3>\n<p>Ein Gutachten sorgt stets f\u00fcr Gewissheit und Sicherheit. Es bildet somit die zuverl\u00e4ssige Basis f\u00fcr weitere Entscheidungen. <a href=\"https:\/\/www.ek-plan.at\/cms\/elektroplanung\/gutachten\/\">Info<\/a>[\/vc_column_text][\/vc_column][\/vc_row]<\/p>\n<\/div>","protected":false},"excerpt":{"rendered":"<p>[vc_row][vc_column offset=&#8220;vc_hidden-sm vc_hidden-xs&#8220;][\/vc_column][\/vc_row][vc_row el_id=&#8220;ek-team-mobile&#8220;][vc_column offset=&#8220;vc_hidden-lg vc_hidden-md&#8220;][\/vc_column][\/vc_row][vc_row content_placement=&#8220;middle&#8220; row_content_width=&#8220;grid&#8220; css=&#8220;.vc_custom_1649968989045{margin-top: 50px !important;margin-bottom: 50px !important;padding-right: 0px !important;padding-left: 0px !important;}&#8220;][vc_column][\/vc_column][\/vc_row][vc_row equal_height=&#8220;yes&#8220; row_content_width=&#8220;grid&#8220; content_text_aligment=&#8220;center&#8220;][vc_column][\/vc_column][\/vc_row][vc_row equal_height=&#8220;yes&#8220; content_placement=&#8220;top&#8220; row_content_width=&#8220;grid&#8220; simple_background_color=&#8220;#eeeeee&#8220; css=&#8220;.vc_custom_1651004570563{padding-top: 20px !important;padding-bottom: 30px !important;}&#8220;][vc_column width=&#8220;1\/4&#8243;][vc_single_image image=&#8220;911&#8243; img_size=&#8220;medium&#8220; alignment=&#8220;center&#8220; onclick=&#8220;custom_link&#8220; css_animation=&#8220;fadeInLeft&#8220; link=&#8220;https:\/\/www.ek-plan.at\/cms\/elektroplanung\/&#8220;][\/vc_column][vc_column width=&#8220;1\/4&#8243; css=&#8220;.vc_custom_1651004518691{padding-right: 0px !important;}&#8220;][vc_column_text [&hellip;]<\/p>\n","protected":false},"author":1,"featured_media":588,"parent":0,"menu_order":60,"comment_status":"closed","ping_status":"closed","template":"full-width.php","meta":{"footnotes":""},"class_list":["post-13","page","type-page","status-publish","has-post-thumbnail","hentry"],"_links":{"self":[{"href":"https:\/\/www.ek-plan.at\/cms\/wp-json\/wp\/v2\/pages\/13","targetHints":{"allow":["GET"]}}],"collection":[{"href":"https:\/\/www.ek-plan.at\/cms\/wp-json\/wp\/v2\/pages"}],"about":[{"href":"https:\/\/www.ek-plan.at\/cms\/wp-json\/wp\/v2\/types\/page"}],"author":[{"embeddable":true,"href":"https:\/\/www.ek-plan.at\/cms\/wp-json\/wp\/v2\/users\/1"}],"replies":[{"embeddable":true,"href":"https:\/\/www.ek-plan.at\/cms\/wp-json\/wp\/v2\/comments?post=13"}],"version-history":[{"count":61,"href":"https:\/\/www.ek-plan.at\/cms\/wp-json\/wp\/v2\/pages\/13\/revisions"}],"predecessor-version":[{"id":2750,"href":"https:\/\/www.ek-plan.at\/cms\/wp-json\/wp\/v2\/pages\/13\/revisions\/2750"}],"wp:featuredmedia":[{"embeddable":true,"href":"https:\/\/www.ek-plan.at\/cms\/wp-json\/wp\/v2\/media\/588"}],"wp:attachment":[{"href":"https:\/\/www.ek-plan.at\/cms\/wp-json\/wp\/v2\/media?parent=13"}],"curies":[{"name":"wp","href":"https:\/\/api.w.org\/{rel}","templated":true}]}}