{"id":1302,"date":"2022-05-03T21:30:08","date_gmt":"2022-05-03T20:30:08","guid":{"rendered":"https:\/\/www.ek-plan.at\/cms\/?page_id=1302"},"modified":"2022-05-20T20:17:13","modified_gmt":"2022-05-20T19:17:13","slug":"impressum","status":"publish","type":"page","link":"https:\/\/www.ek-plan.at\/cms\/impressum\/","title":{"rendered":"Impressum"},"content":{"rendered":"<div class=\"wpb-content-wrapper\"><p>[vc_row row_content_width=&#8220;grid&#8220; css=&#8220;.vc_custom_1651691318193{margin-top: 50px !important;}&#8220;][vc_column]<div class=\"eltdf-section-title-holder  eltdf-st-standard eltdf-st-title-left eltdf-st-normal-space \" >\n\t<div class=\"eltdf-st-inner\">\n\t\t\t\t\t<h1 class=\"eltdf-st-title\" >\n\t\t\t\tImpressum\t\t\t<\/h1>\n\t\t\t\t\t\t\t<div class=\"eltdf-separator-holder clearfix   \">\n\t<div class=\"eltdf-separator\" style=\"margin-bottom: 30px\"><\/div>\n<\/div>\n\t\t\t\t\t<\/div>\n<\/div>[\/vc_column][\/vc_row][vc_row gap=&#8220;30&#8243; row_content_width=&#8220;grid&#8220; css=&#8220;.vc_custom_1651691351260{margin-bottom: 50px !important;}&#8220;][vc_column width=&#8220;1\/2&#8243;]<div class=\"eltdf-single-image-holder   eltdf-image-behavior-zoom\">\n    <div class=\"eltdf-si-inner\" >\n                                    <img loading=\"lazy\" decoding=\"async\" width=\"1920\" height=\"1000\" src=\"https:\/\/www.ek-plan.at\/cms\/wp-content\/uploads\/2022\/04\/ek-plan-motiv-buero.jpg\" class=\"attachment-full size-full\" alt=\"ek-plan B\u00fcro\" srcset=\"https:\/\/www.ek-plan.at\/cms\/wp-content\/uploads\/2022\/04\/ek-plan-motiv-buero.jpg 1920w, https:\/\/www.ek-plan.at\/cms\/wp-content\/uploads\/2022\/04\/ek-plan-motiv-buero-300x156.jpg 300w, https:\/\/www.ek-plan.at\/cms\/wp-content\/uploads\/2022\/04\/ek-plan-motiv-buero-1024x533.jpg 1024w, https:\/\/www.ek-plan.at\/cms\/wp-content\/uploads\/2022\/04\/ek-plan-motiv-buero-768x400.jpg 768w, https:\/\/www.ek-plan.at\/cms\/wp-content\/uploads\/2022\/04\/ek-plan-motiv-buero-1536x800.jpg 1536w\" sizes=\"auto, (max-width: 1920px) 100vw, 1920px\" \/>                        <\/div>\n<\/div>[vc_column_text]<\/p>\n<h3>Firma<\/h3>\n<p>Klaus Ehgartner, ekplan<br \/>\nWirtschaftspark Walgau WP\/W<br \/>\nEugen Getzner Stra\u00dfe 7<br \/>\n6710 Nenzing, \u00d6sterreich<\/p>\n<p>T +43 5525 63344-0 \/ F 63344-5<br \/>\n<a href=\"mailto:office@ek-plan.at\">office@ek-plan.at<\/a><\/p>\n<p>UID: ATU58076003[\/vc_column_text][\/vc_column][vc_column width=&#8220;1\/2&#8243;][vc_column_text]<\/p>\n<h3>Unternehmensgegenstand<\/h3>\n<p>Elektroplanung (Elektrotechnik), Gutachten<\/p>\n<h3>Gewerbe<\/h3>\n<p>Elektrotechnik gem\u00e4\u00df \u00a7 94 Z 16 GewO 1994<\/p>\n<p>GLN 9110003193348<br \/>\nGISA-Zahl 22688026<\/p>\n<p>Beh\u00f6rde gem. ECG (E-Commerce Gesetz):<br \/>\nBezirkshauptmannschaft Bludenz<\/p>\n<h3>Gewerbeordnung<\/h3>\n<p><a href=\"https:\/\/www.ris.bka.gv.at\" target=\"_blank\" rel=\"noopener\">https:\/\/www.ris.bka.gv.at<\/a><\/p>\n<h3>Mitgliedschaften<\/h3>\n<p>Wirtschaftskammer Vorarlberg (WKV)<\/p>\n<p>Innungsmeister und Fachgruppenobmann der Fachgruppe 112 (Elektro-, Geb\u00e4ude-, Alarm- und Kommunikationstechniker)<\/p>\n<p>Angaben zur Online-Streitbeilegung Verbraucher haben die M\u00f6glichkeit, Beschwerden an die Online Streitbeilegungsplattform der EU zu richten: <a href=\"https:\/\/ec.europa.eu\" target=\"_blank\" rel=\"noopener\">https:\/\/ec.europa.eu<\/a> oder Sie k\u00f6nnen allf\u00e4llige Beschwerden auch an die angegebene <a href=\"mailto:office@ek-plan.at\">E-Mail-Adresse<\/a> richten.[\/vc_column_text][\/vc_column][\/vc_row][vc_row equal_height=&#8220;yes&#8220; content_placement=&#8220;top&#8220; row_content_width=&#8220;grid&#8220; simple_background_color=&#8220;#eeeeee&#8220; css=&#8220;.vc_custom_1651004570563{padding-top: 20px !important;padding-bottom: 30px !important;}&#8220;][vc_column width=&#8220;1\/4&#8243;][vc_single_image image=&#8220;911&#8243; img_size=&#8220;medium&#8220; alignment=&#8220;center&#8220; onclick=&#8220;custom_link&#8220; css_animation=&#8220;fadeInLeft&#8220; link=&#8220;https:\/\/www.ek-plan.at\/cms\/elektroplanung\/&#8220;][\/vc_column][vc_column width=&#8220;1\/4&#8243; css=&#8220;.vc_custom_1651004518691{padding-right: 0px !important;}&#8220;][vc_column_text css_animation=&#8220;fadeInLeft&#8220;]<\/p>\n<h3><a href=\"https:\/\/www.ek-plan.at\/cms\/elektroplanung\/\">Nachhaltige Konzepte<\/a><\/h3>\n<p>Wir erarbeiten mit Ihnen zusammen ein Konzept nach Ihren W\u00fcnschen, nach unseren Erfahrungen und im Rahmen der rechtlichen M\u00f6glichkeiten. <a href=\"https:\/\/www.ek-plan.at\/cms\/elektroplanung\/elektroplanung\/\">Info<\/a>[\/vc_column_text][\/vc_column][vc_column width=&#8220;1\/4&#8243;][vc_single_image image=&#8220;915&#8243; img_size=&#8220;medium&#8220; alignment=&#8220;center&#8220; onclick=&#8220;custom_link&#8220; css_animation=&#8220;fadeInRight&#8220; link=&#8220;https:\/\/www.ek-plan.at\/cms\/gutachten\/&#8220;][\/vc_column][vc_column css_animation=&#8220;fadeInRight&#8220; width=&#8220;1\/4&#8243; css=&#8220;.vc_custom_1651004764133{padding-right: 0px !important;}&#8220;][vc_column_text]<\/p>\n<h3><a href=\"https:\/\/www.ek-plan.at\/cms\/gutachten\/\">Gutachten<\/a><\/h3>\n<p>Ein Gutachten sorgt stets f\u00fcr Gewissheit und Sicherheit. Es bildet somit die zuverl\u00e4ssige Basis f\u00fcr weitere Entscheidungen. <a href=\"https:\/\/www.ek-plan.at\/cms\/elektroplanung\/gutachten\/\">Info<\/a>[\/vc_column_text][\/vc_column][\/vc_row]<\/p>\n<\/div>","protected":false},"excerpt":{"rendered":"<p>[vc_row row_content_width=&#8220;grid&#8220; css=&#8220;.vc_custom_1651691318193{margin-top: 50px !important;}&#8220;][vc_column][\/vc_column][\/vc_row][vc_row gap=&#8220;30&#8243; row_content_width=&#8220;grid&#8220; css=&#8220;.vc_custom_1651691351260{margin-bottom: 50px !important;}&#8220;][vc_column width=&#8220;1\/2&#8243;][vc_column_text] Firma Klaus Ehgartner, ekplan Wirtschaftspark Walgau WP\/W Eugen Getzner Stra\u00dfe 7 6710 Nenzing, \u00d6sterreich T +43 5525 63344-0 \/ F 63344-5 office@ek-plan.at UID: ATU58076003[\/vc_column_text][\/vc_column][vc_column width=&#8220;1\/2&#8243;][vc_column_text] Unternehmensgegenstand Elektroplanung (Elektrotechnik), Gutachten [&hellip;]<\/p>\n","protected":false},"author":1,"featured_media":33,"parent":0,"menu_order":150,"comment_status":"closed","ping_status":"closed","template":"full-width.php","meta":{"footnotes":""},"class_list":["post-1302","page","type-page","status-publish","has-post-thumbnail","hentry"],"_links":{"self":[{"href":"https:\/\/www.ek-plan.at\/cms\/wp-json\/wp\/v2\/pages\/1302","targetHints":{"allow":["GET"]}}],"collection":[{"href":"https:\/\/www.ek-plan.at\/cms\/wp-json\/wp\/v2\/pages"}],"about":[{"href":"https:\/\/www.ek-plan.at\/cms\/wp-json\/wp\/v2\/types\/page"}],"author":[{"embeddable":true,"href":"https:\/\/www.ek-plan.at\/cms\/wp-json\/wp\/v2\/users\/1"}],"replies":[{"embeddable":true,"href":"https:\/\/www.ek-plan.at\/cms\/wp-json\/wp\/v2\/comments?post=1302"}],"version-history":[{"count":16,"href":"https:\/\/www.ek-plan.at\/cms\/wp-json\/wp\/v2\/pages\/1302\/revisions"}],"predecessor-version":[{"id":1486,"href":"https:\/\/www.ek-plan.at\/cms\/wp-json\/wp\/v2\/pages\/1302\/revisions\/1486"}],"wp:featuredmedia":[{"embeddable":true,"href":"https:\/\/www.ek-plan.at\/cms\/wp-json\/wp\/v2\/media\/33"}],"wp:attachment":[{"href":"https:\/\/www.ek-plan.at\/cms\/wp-json\/wp\/v2\/media?parent=1302"}],"curies":[{"name":"wp","href":"https:\/\/api.w.org\/{rel}","templated":true}]}}