{"id":45,"date":"2022-04-05T22:51:11","date_gmt":"2022-04-05T21:51:11","guid":{"rendered":"https:\/\/www.ek-plan.at\/cms\/?page_id=45"},"modified":"2025-06-29T08:51:43","modified_gmt":"2025-06-29T07:51:43","slug":"blitzschutzrisikoanalyse","status":"publish","type":"page","link":"https:\/\/www.ek-plan.at\/cms\/blitzschutzrisikoanalyse\/","title":{"rendered":"Blitzschutzrisikoanalyse"},"content":{"rendered":"<div class=\"wpb-content-wrapper\"><p>[vc_row][vc_column]\n\t\t\t<!-- START ekplan Blitzschutzanalyse REVOLUTION SLIDER 6.7.40 --><p class=\"rs-p-wp-fix\"><\/p>\n\t\t\t<rs-module-wrap id=\"rev_slider_8_1_wrapper\" data-source=\"gallery\" style=\"visibility:hidden;background:transparent;padding:0;margin:0px auto;margin-top:0;margin-bottom:0px;\">\n\t\t\t\t<rs-module id=\"rev_slider_8_1\" style=\"\" data-version=\"6.7.40\">\n\t\t\t\t\t<rs-slides style=\"overflow: hidden; position: absolute;\">\n\t\t\t\t\t\t<rs-slide style=\"position: absolute;\" data-key=\"rs-13\" data-title=\"Slide\" data-anim=\"adpr:false;ms:600;f:center;\" data-in=\"o:0;x:cyc(-10|10);y:cyc(-10|10);r:cyc(-10|10);sx:0.1;sy:0.1;row:8;col:8;\" data-out=\"a:false;\">\n\t\t\t\t\t\t\t<img decoding=\"async\" src=\"\/\/www.ek-plan.at\/cms\/wp-content\/plugins\/revslider\/sr6\/assets\/assets\/dummy.png\" alt=\"Blitzschutz Analyse\" title=\"ekplan-motiv-blitzschutz\" width=\"1920\" height=\"1000\" class=\"rev-slidebg tp-rs-img rs-lazyload\" data-lazyload=\"\/\/www.ek-plan.at\/cms\/wp-content\/uploads\/2022\/04\/ekplan-motiv-blitzschutz.jpg\" data-bg=\"p:80% 0%;\" data-no-retina>\n<!--\n\t\t\t\t\t\t\t--><rs-layer\n\t\t\t\t\t\t\t\tid=\"slider-8-slide-13-layer-11\" \n\t\t\t\t\t\t\t\tdata-type=\"text\"\n\t\t\t\t\t\t\t\tdata-color=\"#000000\"\n\t\t\t\t\t\t\t\tdata-rsp_ch=\"on\"\n\t\t\t\t\t\t\t\tdata-xy=\"xo:200px,106px,60px,37px;yo:130px,100px,80px,100px;\"\n\t\t\t\t\t\t\t\tdata-text=\"w:normal;s:50,45,40,40;l:65,56,53,49;fw:600;\"\n\t\t\t\t\t\t\t\tdata-dim=\"w:927px,635px,398px,350px;h:auto,auto,auto,300px;minh:0,none,none,none;\"\n\t\t\t\t\t\t\t\tdata-frame_0=\"x:left;y:0,0px,0px,0px;\"\n\t\t\t\t\t\t\t\tdata-frame_1=\"x:0,0px,0px,0px;y:0,0px,0px,0px;st:800;sp:1000;sR:820;\"\n\t\t\t\t\t\t\t\tdata-frame_999=\"x:left;o:0;st:w;sp:1000;sR:7180;\"\n\t\t\t\t\t\t\t\tstyle=\"z-index:9;font-family:'Open Sans';\"\n\t\t\t\t\t\t\t>\n\t\t\t\t\t\t\t\t<div class=\"rs-untoggled-content\">Sch\u00e4den durch Blitze vermeiden? \n <\/div>\n\t\t\t\t\t\t\t\t<div class=\"rs-toggled-content\"><\/div>\n\t\t\t\t\t\t\t<\/rs-layer><!--\n\n\t\t\t\t\t\t\t--><a\n\t\t\t\t\t\t\t\tid=\"slider-8-slide-13-layer-12\" \n\t\t\t\t\t\t\t\tclass=\"rs-layer\"\n\t\t\t\t\t\t\t\thref=\"\/cms\/kontakt#ek-form\" target=\"_self\"\n\t\t\t\t\t\t\t\tdata-type=\"button\"\n\t\t\t\t\t\t\t\tdata-rsp_ch=\"on\"\n\t\t\t\t\t\t\t\tdata-xy=\"xo:200px,104px,60px,37px;yo:230px,610px,630px,570px;\"\n\t\t\t\t\t\t\t\tdata-text=\"w:normal;s:30,25,20,20;l:45,27,22,21;ls:1,0,0,0;\"\n\t\t\t\t\t\t\t\tdata-dim=\"minh:0,none,none,none;\"\n\t\t\t\t\t\t\t\tdata-actions='o:mouseleave;a:playslider;||o:mouseenter;a:pauseslider;'\n\t\t\t\t\t\t\t\tdata-padding=\"t:15,17,14,14;r:30,25,21,21;b:15,17,14,14;l:23,21,17,17;\"\n\t\t\t\t\t\t\t\tdata-frame_0=\"y:bottom;\"\n\t\t\t\t\t\t\t\tdata-frame_1=\"st:1500;sp:1000;sR:1630;\"\n\t\t\t\t\t\t\t\tdata-frame_999=\"y:bottom;o:0;st:w;sp:1000;sR:6370;\"\n\t\t\t\t\t\t\t\tdata-frame_hover=\"c:#c90239;bgc:#fff;bor:0px,0px,0px,0px;sp:0ms;e:default;\"\n\t\t\t\t\t\t\t\tstyle=\"z-index:8;background-color:#c90239;font-family:'Open Sans';cursor:pointer;\"\n\t\t\t\t\t\t\t><i class=\"pe-7s-gleam\"><\/i><\/i> Blitzschutzrisikoanalyse \n\t\t\t\t\t\t\t<\/a><!--\n-->\t\t\t\t\t<\/rs-slide>\n\t\t\t\t\t<\/rs-slides>\n\t\t\t\t<\/rs-module>\n\t\t\t\t<script>\n\t\t\t\t\tsetREVStartSize({c: 'rev_slider_8_1',rl:[1240,1024,778,480],el:[1000,768,800,720],gw:[1920,1024,778,480],gh:[1000,768,800,720],type:'standard',justify:'',layout:'fullwidth',mh:\"0\"});if (window.RS_MODULES!==undefined && window.RS_MODULES.modules!==undefined && window.RS_MODULES.modules[\"revslider81\"]!==undefined) {window.RS_MODULES.modules[\"revslider81\"].once = false;window.revapi8 = undefined;if (window.RS_MODULES.checkMinimal!==undefined) window.RS_MODULES.checkMinimal()}\n\t\t\t\t<\/script>\n\t\t\t<\/rs-module-wrap>\n\t\t\t<!-- END REVOLUTION SLIDER -->\n\t\t\t<div style=\"clear:both;display:block;width:100%;height:0px\"><\/div>[\/vc_column][\/vc_row][vc_row gap=&#8220;30&#8243; row_content_width=&#8220;grid&#8220; css=&#8220;.vc_custom_1652390777901{margin-top: 50px !important;margin-bottom: 30px !important;}&#8220;][vc_column css_animation=&#8220;fadeInLeft&#8220; width=&#8220;1\/2&#8243; css=&#8220;.vc_custom_1651408571294{margin-bottom: 50px !important;}&#8220;]<div class=\"eltdf-section-title-holder  eltdf-st-standard eltdf-st-title-left eltdf-st-normal-space \" >\n\t<div class=\"eltdf-st-inner\">\n\t\t\t\t\t<h1 class=\"eltdf-st-title\" >\n\t\t\t\tBlitzschutzrisiko analysieren\t\t\t<\/h1>\n\t\t\t\t\t\t\t<div class=\"eltdf-separator-holder clearfix   \">\n\t<div class=\"eltdf-separator\" ><\/div>\n<\/div>\n\t\t\t\t\t<\/div>\n<\/div>[vc_column_text]<\/p>\n<h3>Zweck der Analyse<\/h3>\n<p>Eine Blitzschutz- bzw. Risikoanalyse nach \u00d6VE\/\u00d6NORM-EN 62305 wird erstellt um bei Bauvorhaben die Notwendigkeit eines Blitzschutzes zu er\u00f6rtern. Dabei wird das Risiko eines Blitzeinschlages bestimmt.[\/vc_column_text][vc_column_text]<\/p>\n<h3>Pr\u00e4vention<\/h3>\n<p>Ziel ist es Folgesch\u00e4den wie z.B. Br\u00e4nde (L\u00f6schwasser), Sch\u00e4den an der Bausubstanz bzw. Elektroinstallationen, die durch einen Blitzeinschlag verursacht werden, zu vermeiden.[\/vc_column_text][vc_column_text]<\/p>\n<h3>Leistung<\/h3>\n<p>Wir erstellen Blitzschutz- bzw. Risikoanalysen f\u00fcr:<\/p>\n<ul>\n<li>Baubescheide \/ Beh\u00f6rden<\/li>\n<li>Firmen \/ Gro\u00dfprojekte<\/li>\n<li>Private<\/li>\n<\/ul>\n<p>[\/vc_column_text][vc_empty_space height=&#8220;30px&#8220;][\/vc_column][vc_column css_animation=&#8220;slideInRight&#8220; width=&#8220;1\/2&#8243;][vc_video link=&#8220;https:\/\/www.youtube.com\/watch?v=lnNOmiU3KB4&#8243; css=&#8220;.vc_custom_1652390913441{margin-top: 50px !important;}&#8220;][\/vc_column][\/vc_row][vc_row row_content_width=&#8220;grid&#8220; css=&#8220;.vc_custom_1651345961941{margin-top: 50px !important;margin-bottom: 50px !important;}&#8220;][vc_column]<a itemprop=\"url\" href=\"https:\/\/www.ek-plan.at\/cms\/kontakt#ek-form\" target=\"_self\"  class=\"eltdf-btn eltdf-btn-small eltdf-btn-solid\"  >\n    <span class=\"eltdf-btn-text\">Blitzschutzrisikonanalyse<\/span>\n    <\/a>[\/vc_column][\/vc_row][vc_row equal_height=&#8220;yes&#8220; content_placement=&#8220;top&#8220; row_content_width=&#8220;grid&#8220; simple_background_color=&#8220;#eeeeee&#8220; css=&#8220;.vc_custom_1651004570563{padding-top: 20px !important;padding-bottom: 30px !important;}&#8220;][vc_column width=&#8220;1\/4&#8243;][vc_single_image image=&#8220;911&#8243; img_size=&#8220;medium&#8220; alignment=&#8220;center&#8220; onclick=&#8220;custom_link&#8220; css_animation=&#8220;fadeInLeft&#8220; link=&#8220;https:\/\/www.ek-plan.at\/cms\/elektroplanung\/&#8220;][\/vc_column][vc_column width=&#8220;1\/4&#8243; css=&#8220;.vc_custom_1651004518691{padding-right: 0px !important;}&#8220;][vc_column_text css_animation=&#8220;fadeInLeft&#8220;]<\/p>\n<h3><a href=\"https:\/\/www.ek-plan.at\/cms\/elektroplanung\/\">Nachhaltige Konzepte<\/a><\/h3>\n<p>Wir erarbeiten mit Ihnen zusammen ein Konzept nach Ihren W\u00fcnschen, nach unseren Erfahrungen und im Rahmen der rechtlichen M\u00f6glichkeiten. <a href=\"https:\/\/www.ek-plan.at\/cms\/elektroplanung\/elektroplanung\/\">Info<\/a>[\/vc_column_text][\/vc_column][vc_column width=&#8220;1\/4&#8243;][vc_single_image image=&#8220;915&#8243; img_size=&#8220;medium&#8220; alignment=&#8220;center&#8220; onclick=&#8220;custom_link&#8220; css_animation=&#8220;fadeInRight&#8220; link=&#8220;https:\/\/www.ek-plan.at\/cms\/gutachten\/&#8220;][\/vc_column][vc_column css_animation=&#8220;fadeInRight&#8220; width=&#8220;1\/4&#8243; css=&#8220;.vc_custom_1651004764133{padding-right: 0px !important;}&#8220;][vc_column_text]<\/p>\n<h3><a href=\"https:\/\/www.ek-plan.at\/cms\/gutachten\/\">Gutachten<\/a><\/h3>\n<p>Ein Gutachten sorgt stets f\u00fcr Gewissheit und Sicherheit. Es bildet somit die zuverl\u00e4ssige Basis f\u00fcr weitere Entscheidungen. <a href=\"https:\/\/www.ek-plan.at\/cms\/elektroplanung\/gutachten\/\">Info<\/a>[\/vc_column_text][\/vc_column][\/vc_row]<\/p>\n<\/div>","protected":false},"excerpt":{"rendered":"<p>[vc_row][vc_column][\/vc_column][\/vc_row][vc_row gap=&#8220;30&#8243; row_content_width=&#8220;grid&#8220; css=&#8220;.vc_custom_1652390777901{margin-top: 50px !important;margin-bottom: 30px !important;}&#8220;][vc_column css_animation=&#8220;fadeInLeft&#8220; width=&#8220;1\/2&#8243; css=&#8220;.vc_custom_1651408571294{margin-bottom: 50px !important;}&#8220;][vc_column_text] Zweck der Analyse Eine Blitzschutz- bzw. Risikoanalyse nach \u00d6VE\/\u00d6NORM-EN 62305 wird erstellt um bei Bauvorhaben die Notwendigkeit eines Blitzschutzes zu er\u00f6rtern. Dabei wird das Risiko eines Blitzeinschlages [&hellip;]<\/p>\n","protected":false},"author":1,"featured_media":1494,"parent":0,"menu_order":50,"comment_status":"closed","ping_status":"closed","template":"full-width.php","meta":{"footnotes":""},"class_list":["post-45","page","type-page","status-publish","has-post-thumbnail","hentry"],"_links":{"self":[{"href":"https:\/\/www.ek-plan.at\/cms\/wp-json\/wp\/v2\/pages\/45","targetHints":{"allow":["GET"]}}],"collection":[{"href":"https:\/\/www.ek-plan.at\/cms\/wp-json\/wp\/v2\/pages"}],"about":[{"href":"https:\/\/www.ek-plan.at\/cms\/wp-json\/wp\/v2\/types\/page"}],"author":[{"embeddable":true,"href":"https:\/\/www.ek-plan.at\/cms\/wp-json\/wp\/v2\/users\/1"}],"replies":[{"embeddable":true,"href":"https:\/\/www.ek-plan.at\/cms\/wp-json\/wp\/v2\/comments?post=45"}],"version-history":[{"count":69,"href":"https:\/\/www.ek-plan.at\/cms\/wp-json\/wp\/v2\/pages\/45\/revisions"}],"predecessor-version":[{"id":2751,"href":"https:\/\/www.ek-plan.at\/cms\/wp-json\/wp\/v2\/pages\/45\/revisions\/2751"}],"wp:featuredmedia":[{"embeddable":true,"href":"https:\/\/www.ek-plan.at\/cms\/wp-json\/wp\/v2\/media\/1494"}],"wp:attachment":[{"href":"https:\/\/www.ek-plan.at\/cms\/wp-json\/wp\/v2\/media?parent=45"}],"curies":[{"name":"wp","href":"https:\/\/api.w.org\/{rel}","templated":true}]}}