{"id":51,"date":"2022-04-05T22:54:17","date_gmt":"2022-04-05T21:54:17","guid":{"rendered":"https:\/\/www.ek-plan.at\/cms\/?page_id=51"},"modified":"2022-05-20T20:49:00","modified_gmt":"2022-05-20T19:49:00","slug":"kontakt","status":"publish","type":"page","link":"https:\/\/www.ek-plan.at\/cms\/kontakt\/","title":{"rendered":"Interesse an Elektroplanung oder einem Gutachten?"},"content":{"rendered":"<div class=\"wpb-content-wrapper\"><p>[vc_row el_id=&#8220;ek-kontakt-desktop&#8220; anchor=&#8220;ekintro&#8220;][vc_column]\n\t\t\t<!-- START ekplankontakt REVOLUTION SLIDER 6.7.40 --><p class=\"rs-p-wp-fix\"><\/p>\n\t\t\t<rs-module-wrap id=\"rev_slider_4_1_wrapper\" data-source=\"gallery\" style=\"visibility:hidden;background:transparent;padding:0;margin:0px auto;margin-top:0;margin-bottom:0px;\">\n\t\t\t\t<rs-module id=\"rev_slider_4_1\" style=\"\" data-version=\"6.7.40\">\n\t\t\t\t\t<rs-slides style=\"overflow: hidden; position: absolute;\">\n\t\t\t\t\t\t<rs-slide style=\"position: absolute;\" data-key=\"rs-7\" data-title=\"Slide\" data-anim=\"adpr:false;ms:600;f:center;\" data-in=\"o:0;x:cyc(-10|10);y:cyc(-10|10);r:cyc(-10|10);sx:0.1;sy:0.1;row:8;col:8;\" data-out=\"a:false;\">\n\t\t\t\t\t\t\t<img decoding=\"async\" src=\"\/\/www.ek-plan.at\/cms\/wp-content\/plugins\/revslider\/sr6\/assets\/assets\/dummy.png\" alt=\"Kontakt\" title=\"ekplan-motiv-glasfaser\" width=\"1920\" height=\"1000\" class=\"rev-slidebg tp-rs-img rs-lazyload\" data-lazyload=\"\/\/www.ek-plan.at\/cms\/wp-content\/uploads\/2022\/04\/ekplan-motiv-glasfaser.jpg\" data-bg=\"p:65% 0%;\" data-no-retina>\n<!--\n\t\t\t\t\t\t\t--><rs-layer\n\t\t\t\t\t\t\t\tid=\"slider-4-slide-7-layer-11\" \n\t\t\t\t\t\t\t\tdata-type=\"text\"\n\t\t\t\t\t\t\t\tdata-color=\"#000000\"\n\t\t\t\t\t\t\t\tdata-rsp_ch=\"on\"\n\t\t\t\t\t\t\t\tdata-xy=\"xo:200px,106px,60px,37px;yo:130px,69px,52px,40px;\"\n\t\t\t\t\t\t\t\tdata-text=\"w:normal;s:50,40,30,30;l:65,50,36,36;ls:1,1,0,0px;fw:600;\"\n\t\t\t\t\t\t\t\tdata-dim=\"w:490,382px,326px,275px;minh:0,none,none,none;\"\n\t\t\t\t\t\t\t\tdata-frame_0=\"x:left;\"\n\t\t\t\t\t\t\t\tdata-frame_1=\"st:800;sp:1000;sR:820;\"\n\t\t\t\t\t\t\t\tdata-frame_999=\"x:left;o:0;st:w;sp:1000;sR:7180;\"\n\t\t\t\t\t\t\t\tstyle=\"z-index:9;font-family:'Open Sans';\"\n\t\t\t\t\t\t\t>\n\t\t\t\t\t\t\t\t<div class=\"rs-untoggled-content\">Kontaktieren Sie uns unverbindlich! <\/div>\n\t\t\t\t\t\t\t\t<div class=\"rs-toggled-content\"><\/div>\n\t\t\t\t\t\t\t<\/rs-layer><!--\n\n\t\t\t\t\t\t\t--><rs-layer\n\t\t\t\t\t\t\t\tid=\"slider-4-slide-7-layer-12\" \n\t\t\t\t\t\t\t\tdata-type=\"button\"\n\t\t\t\t\t\t\t\tdata-rsp_ch=\"on\"\n\t\t\t\t\t\t\t\tdata-xy=\"xo:200px,106px,60px,37px;yo:315px,200px,160px,140px;\"\n\t\t\t\t\t\t\t\tdata-text=\"w:normal;s:30,20,20,20;l:45,21,22,20;ls:1,0,0,0;\"\n\t\t\t\t\t\t\t\tdata-dim=\"minh:0,none,none,none;\"\n\t\t\t\t\t\t\t\tdata-actions='o:mouseleave;a:playslider;||o:mouseenter;a:pauseslider;||id:ek-form;o:click;a:scrollto;offset:-120px;sp:1000ms;e:power1.inOut;'\n\t\t\t\t\t\t\t\tdata-padding=\"t:15,13,14,14;r:30,20,21,20;b:15,13,14,14;l:23,17,17,16;\"\n\t\t\t\t\t\t\t\tdata-frame_0=\"y:bottom;\"\n\t\t\t\t\t\t\t\tdata-frame_1=\"st:1500;sp:1000;sR:1630;\"\n\t\t\t\t\t\t\t\tdata-frame_999=\"y:bottom;o:0;st:w;sp:1000;sR:6370;\"\n\t\t\t\t\t\t\t\tdata-frame_hover=\"c:#c90239;bgc:#fff;bor:0px,0px,0px,0px;sp:0ms;e:default;\"\n\t\t\t\t\t\t\t\tstyle=\"z-index:8;background-color:#c90239;font-family:'Open Sans';cursor:pointer;\"\n\t\t\t\t\t\t\t><i class=\"pe-7s-mail-open\"><\/i> Anfrage senden \n\t\t\t\t\t\t\t<\/rs-layer><!--\n-->\t\t\t\t\t<\/rs-slide>\n\t\t\t\t\t<\/rs-slides>\n\t\t\t\t<\/rs-module>\n\t\t\t\t<script>\n\t\t\t\t\tsetREVStartSize({c: 'rev_slider_4_1',rl:[1240,1024,778,480],el:[1000,768,800,720],gw:[1920,1024,778,480],gh:[1000,768,800,720],type:'standard',justify:'',layout:'fullwidth',mh:\"0\"});if (window.RS_MODULES!==undefined && window.RS_MODULES.modules!==undefined && window.RS_MODULES.modules[\"revslider41\"]!==undefined) {window.RS_MODULES.modules[\"revslider41\"].once = false;window.revapi4 = undefined;if (window.RS_MODULES.checkMinimal!==undefined) window.RS_MODULES.checkMinimal()}\n\t\t\t\t<\/script>\n\t\t\t<\/rs-module-wrap>\n\t\t\t<!-- END REVOLUTION SLIDER -->\n\t\t\t<div style=\"clear:both;display:block;width:100%;height:0px\"><\/div>[\/vc_column][\/vc_row][vc_row gap=&#8220;30&#8243; row_content_width=&#8220;grid&#8220; css=&#8220;.vc_custom_1652391275301{margin-top: 50px !important;margin-bottom: 50px !important;}&#8220;][vc_column width=&#8220;1\/2&#8243; css=&#8220;.vc_custom_1650723979064{margin-bottom: 50px !important;}&#8220;]<div class=\"eltdf-section-title-holder  eltdf-st-standard eltdf-st-title-left eltdf-st-normal-space \" >\n\t<div class=\"eltdf-st-inner\">\n\t\t\t\t\t<h1 class=\"eltdf-st-title\" >\n\t\t\t\tBeratung\t\t\t<\/h1>\n\t\t\t\t\t\t\t<div class=\"eltdf-separator-holder clearfix   \">\n\t<div class=\"eltdf-separator\" style=\"margin-bottom: 30px\"><\/div>\n<\/div>\n\t\t\t\t\t<\/div>\n<\/div><div class=\"eltdf-image-with-text-holder   \">\n    <div class=\"eltdf-iwt-image\">\n                                    <img loading=\"lazy\" decoding=\"async\" width=\"1920\" height=\"1000\" src=\"https:\/\/www.ek-plan.at\/cms\/wp-content\/uploads\/2022\/04\/ek-plan-motiv-gf.jpg\" class=\"attachment-full size-full\" alt=\"ek-plan Gesch\u00e4ftsf\u00fchrer Klaus Ehgartner\" srcset=\"https:\/\/www.ek-plan.at\/cms\/wp-content\/uploads\/2022\/04\/ek-plan-motiv-gf.jpg 1920w, https:\/\/www.ek-plan.at\/cms\/wp-content\/uploads\/2022\/04\/ek-plan-motiv-gf-300x156.jpg 300w, https:\/\/www.ek-plan.at\/cms\/wp-content\/uploads\/2022\/04\/ek-plan-motiv-gf-1024x533.jpg 1024w, https:\/\/www.ek-plan.at\/cms\/wp-content\/uploads\/2022\/04\/ek-plan-motiv-gf-768x400.jpg 768w, https:\/\/www.ek-plan.at\/cms\/wp-content\/uploads\/2022\/04\/ek-plan-motiv-gf-1536x800.jpg 1536w\" sizes=\"auto, (max-width: 1920px) 100vw, 1920px\" \/>                        <\/div>\n    <div class=\"eltdf-iwt-text-holder\">\n        \t\t            <p class=\"eltdf-iwt-text\" >Gerne stehen wir Ihnen f\u00fcr Ihre Fragen, Anregungen und W\u00fcnsche zur Verf\u00fcgung. F\u00fcllen Sie dazu einfach das Kontaktformular aus oder schreiben eine E-Mail bzw. rufen Sie uns an. Wir beraten sie kompetent und unverbindlich.<\/p>\n            <\/div>\n<\/div>[vc_column_text css=&#8220;.vc_custom_1652738310602{margin-top: 30px !important;}&#8220;]<strong>Wirtschaftspark Walgau WP\/W<\/strong><br \/>\nEugen Getzner Stra\u00dfe 7<br \/>\n6710 Nenzing, \u00d6sterreich[\/vc_column_text][vc_empty_space height=&#8220;20px&#8220;]<div class=\"eltdf-iwt clearfix eltdf-iwt-icon-font  eltdf-iwt-icon-left eltdf-iwt-icon-tiny\">\n\t<div class=\"eltdf-iwt-icon\">\n\t\t\t\t\t<a itemprop=\"url\" href=\"tel:+435525633440\" target=\"_self\">\n\t\t\t\t\t\t\t\t\t    <span class=\"eltdf-icon-animation-holder\" style=\"-webkit-transition-delay: 100ms;-moz-transition-delay: 100ms;transition-delay: 100ms\">\n    <span class=\"eltdf-icon-shortcode eltdf-normal  eltdf-icon-animation eltdf-icon-tiny\"  data-animation-delay=\"100\" data-hover-color=\"#c90239\" data-color=\"#000000\">\n                    <i class=\"eltdf-icon-font-awesome fa fa-phone eltdf-icon-element\" style=\"color: #000000\" ><\/i>            <\/span>\n    <\/span>\n\t\t\t\t\t\t\t\t<\/a>\n\t\t\t<\/div>\n\t<div class=\"eltdf-iwt-content\" style=\"padding-left: 15px\">\n\t\t\t\t\t<h4 class=\"eltdf-iwt-title\" style=\"margin-top: 6px\">\n\t\t\t\t\t\t\t\t\t<a itemprop=\"url\" href=\"tel:+435525633440\" target=\"_self\">\n\t\t\t\t\t\t\t\t<span class=\"eltdf-iwt-title-text\">+43 5525 63344-0<\/span>\n\t\t\t\t\t\t\t\t\t<\/a>\n\t\t\t\t\t\t\t<\/h4>\n\n\t\t\t\t\t<\/div>\n\t<\/div>[vc_empty_space height=&#8220;5px&#8220;]<div class=\"eltdf-iwt clearfix eltdf-iwt-icon-font  eltdf-iwt-icon-left eltdf-iwt-icon-tiny\">\n\t<div class=\"eltdf-iwt-icon\">\n\t\t\t\t\t<a itemprop=\"url\" href=\"mailto:office@ek-plan.at\" target=\"_self\">\n\t\t\t\t\t\t\t\t\t    <span class=\"eltdf-icon-animation-holder\" style=\"-webkit-transition-delay: 100ms;-moz-transition-delay: 100ms;transition-delay: 100ms\">\n    <span class=\"eltdf-icon-shortcode eltdf-normal  eltdf-icon-animation eltdf-icon-tiny\"  data-animation-delay=\"100\" data-hover-color=\"#c90239\" data-color=\"#000000\">\n                    <i class=\"eltdf-icon-font-awesome fa fa-envelope-open-o eltdf-icon-element\" style=\"color: #000000\" ><\/i>            <\/span>\n    <\/span>\n\t\t\t\t\t\t\t\t<\/a>\n\t\t\t<\/div>\n\t<div class=\"eltdf-iwt-content\" style=\"padding-left: 15px\">\n\t\t\t\t\t<h4 class=\"eltdf-iwt-title\" style=\"margin-top: 6px\">\n\t\t\t\t\t\t\t\t\t<a itemprop=\"url\" href=\"mailto:office@ek-plan.at\" target=\"_self\">\n\t\t\t\t\t\t\t\t<span class=\"eltdf-iwt-title-text\">office@ek-plan.at<\/span>\n\t\t\t\t\t\t\t\t\t<\/a>\n\t\t\t\t\t\t\t<\/h4>\n\n\t\t\t\t\t<\/div>\n\t<\/div>[vc_empty_space height=&#8220;30px&#8220;]<div class=\"eltdf-iwt clearfix eltdf-iwt-icon-font  eltdf-iwt-icon-left eltdf-iwt-icon-tiny\">\n\t<div class=\"eltdf-iwt-icon\">\n\t\t\t\t\t<a itemprop=\"url\" href=\"https:\/\/www.ek-plan.at\/cms\/privacy-policy\/\" target=\"_self\">\n\t\t\t\t\t\t\t\t\t    <span class=\"eltdf-icon-animation-holder\" style=\"-webkit-transition-delay: 100ms;-moz-transition-delay: 100ms;transition-delay: 100ms\">\n    <span class=\"eltdf-icon-shortcode eltdf-normal  eltdf-icon-animation eltdf-icon-tiny\"  data-animation-delay=\"100\" data-hover-color=\"#c90239\" data-color=\"#000000\">\n                    <i class=\"eltdf-icon-font-awesome fa fa-link eltdf-icon-element\" style=\"color: #000000\" ><\/i>            <\/span>\n    <\/span>\n\t\t\t\t\t\t\t\t<\/a>\n\t\t\t<\/div>\n\t<div class=\"eltdf-iwt-content\" style=\"padding-left: 15px\">\n\t\t\t\t\t<h4 class=\"eltdf-iwt-title\" style=\"margin-top: 6px\">\n\t\t\t\t\t\t\t\t\t<a itemprop=\"url\" href=\"https:\/\/www.ek-plan.at\/cms\/privacy-policy\/\" target=\"_self\">\n\t\t\t\t\t\t\t\t<span class=\"eltdf-iwt-title-text\">Datenschutzerkl\u00e4rung<\/span>\n\t\t\t\t\t\t\t\t\t<\/a>\n\t\t\t\t\t\t\t<\/h4>\n\n\t\t\t\t\t<\/div>\n\t<\/div>[\/vc_column][vc_column width=&#8220;1\/2&#8243; el_id=&#8220;ek-form&#8220;]<div class=\"eltdf-section-title-holder  eltdf-st-standard eltdf-st-title-left eltdf-st-normal-space \" >\n\t<div class=\"eltdf-st-inner\">\n\t\t\t\t\t<h1 class=\"eltdf-st-title\" >\n\t\t\t\tKontaktieren Sie uns\t\t\t<\/h1>\n\t\t\t\t\t\t\t<div class=\"eltdf-separator-holder clearfix   \">\n\t<div class=\"eltdf-separator\" style=\"margin-bottom: 30px\"><\/div>\n<\/div>\n\t\t\t\t\t<\/div>\n<\/div>[vc_column_text]<link rel='stylesheet' id='formidable-css' href='https:\/\/www.ek-plan.at\/cms\/wp-content\/plugins\/formidable\/css\/formidableforms.css?ver=4181712' type='text\/css' media='all' \/>\n<div class=\"frm_forms  with_frm_style frm_style_formidable-style\" id=\"frm_form_2_container\" data-token=\"63fc1e5324f185e1f3011758dc9dbe31\">\n<form enctype=\"multipart\/form-data\" method=\"post\" class=\"frm-show-form  frm_js_validate \" id=\"form_contact-us\" data-token=\"63fc1e5324f185e1f3011758dc9dbe31\">\n<div class=\"frm_form_fields \">\n<fieldset>\n<legend class=\"frm_screen_reader\">ek-plan Kontakformular<\/legend>\r\n\r\n<div class=\"frm_fields_container\">\n<input type=\"hidden\" name=\"frm_action\" value=\"create\" \/>\n<input type=\"hidden\" name=\"form_id\" value=\"2\" \/>\n<input type=\"hidden\" name=\"frm_hide_fields_2\" id=\"frm_hide_fields_2\" value=\"\" \/>\n<input type=\"hidden\" name=\"form_key\" value=\"contact-us\" \/>\n<input type=\"hidden\" name=\"item_meta[0]\" value=\"\" \/>\n<input type=\"hidden\" id=\"frm_submit_entry_2\" name=\"frm_submit_entry_2\" value=\"090ff0f789\" \/><input type=\"hidden\" name=\"_wp_http_referer\" value=\"\/cms\/wp-json\/wp\/v2\/pages\/51\" \/><div id=\"frm_field_13_container\" style=\"margin-bottom:10px\" class=\"frm_form_field form-field  frm_top_container\">\r\n    <label for=\"field_4vmvr\" id=\"field_4vmvr_label\" class=\"frm_primary_label\">Firma \/ \u00d6ffentliche Einrichtung\r\n        <span class=\"frm_required\" aria-hidden=\"true\"><\/span>\r\n    <\/label>\r\n    <input type=\"text\" id=\"field_4vmvr\" name=\"item_meta[13]\" value=\"\"  data-invmsg=\"Text ist ung\u00fcltig\" aria-invalid=\"false\"  \/>\r\n    \r\n    \r\n<\/div>\n<div id=\"frm_field_6_container\" style=\"margin-bottom:10px\" class=\"frm_form_field form-field  frm_required_field frm_top_container frm6 frm_first\">\r\n    <label for=\"field_qh4icy2\" id=\"field_qh4icy2_label\" class=\"frm_primary_label\">Vorname\r\n        <span class=\"frm_required\" aria-hidden=\"true\">*<\/span>\r\n    <\/label>\r\n    <input type=\"text\" id=\"field_qh4icy2\" name=\"item_meta[6]\" value=\"\"  data-reqmsg=\"Dieses Feld darf nicht leer sein.\" aria-required=\"true\" data-invmsg=\"Name ist ung\u00fcltig\" aria-invalid=\"false\"  \/>\r\n    \r\n    \r\n<\/div>\n<div id=\"frm_field_7_container\" style=\"margin-bottom:10px\" class=\"frm_form_field form-field  frm_required_field frm_top_container frm6\">\r\n    <label for=\"field_ocfup12\" id=\"field_ocfup12_label\" class=\"frm_primary_label\">Nachname\r\n        <span class=\"frm_required\" aria-hidden=\"true\">*<\/span>\r\n    <\/label>\r\n    <input type=\"text\" id=\"field_ocfup12\" name=\"item_meta[7]\" value=\"\"  data-reqmsg=\"Dieses Feld darf nicht leer sein.\" aria-required=\"true\" data-invmsg=\"Last ist ung\u00fcltig\" aria-invalid=\"false\"  \/>\r\n    \r\n    \r\n<\/div>\n<div id=\"frm_field_8_container\" style=\"margin-bottom:10px\" class=\"frm_form_field form-field  frm_required_field frm_top_container frm_full\">\r\n    <label for=\"field_29yf4d2\" id=\"field_29yf4d2_label\" class=\"frm_primary_label\">E-Mail\r\n        <span class=\"frm_required\" aria-hidden=\"true\">*<\/span>\r\n    <\/label>\r\n    <input type=\"email\" id=\"field_29yf4d2\" name=\"item_meta[8]\" value=\"\"  data-reqmsg=\"Dieses Feld darf nicht leer sein.\" aria-required=\"true\" data-invmsg=\"Please enter a valid email address\" aria-invalid=\"false\"  \/>\r\n    \r\n    \r\n<\/div>\n<div id=\"frm_field_11_container\" style=\"margin-bottom:20px\" class=\"frm_form_field form-field  frm_top_container vertical_radio\">\r\n    <div  id=\"field_s9iq1_label\" class=\"frm_primary_label\">Interesse an\r\n        <span class=\"frm_required\" aria-hidden=\"true\"><\/span>\r\n    <\/div>\r\n    <div class=\"frm_opt_container\" aria-labelledby=\"field_s9iq1_label\" role=\"group\">\t\t<div class=\"frm_checkbox\" id=\"frm_checkbox_11-0\">\t\t\t<label  for=\"field_s9iq1-0\">\n\t\t\t<input type=\"checkbox\" name=\"item_meta[11][]\" id=\"field_s9iq1-0\" value=\"Elektroplanung\"  data-invmsg=\"Interesse an ist ung\u00fcltig\"   \/> Elektroplanung<\/label><\/div>\n\t\t<div class=\"frm_checkbox\" id=\"frm_checkbox_11-1\">\t\t\t<label  for=\"field_s9iq1-1\">\n\t\t\t<input type=\"checkbox\" name=\"item_meta[11][]\" id=\"field_s9iq1-1\" value=\"Gutachten\"  data-invmsg=\"Interesse an ist ung\u00fcltig\"   \/> Gutachten<\/label><\/div>\n\t\t<div class=\"frm_checkbox\" id=\"frm_checkbox_11-2\">\t\t\t<label  for=\"field_s9iq1-2\">\n\t\t\t<input type=\"checkbox\" name=\"item_meta[11][]\" id=\"field_s9iq1-2\" value=\"Blitzschutzrisikoanalyse\"  data-invmsg=\"Interesse an ist ung\u00fcltig\"   \/> Blitzschutzrisikoanalyse<\/label><\/div>\n<\/div>\r\n    \r\n    \r\n<\/div>\n<div id=\"frm_field_17_container\" class=\"frm_form_field form-field  frm_top_container\">\r\n    <label for=\"field_6h0gk\" id=\"field_6h0gk_label\" class=\"frm_primary_label\">Nachricht\r\n        <span class=\"frm_required\" aria-hidden=\"true\"><\/span>\r\n    <\/label>\r\n    <textarea name=\"item_meta[17]\" id=\"field_6h0gk\" rows=\"10\"  style=\"width:100%\" data-invmsg=\"Nachricht ist ung\u00fcltig\" class=\"auto_width\" aria-invalid=\"false\"  ><\/textarea>\r\n    \r\n    \r\n<\/div>\n<div id=\"frm_field_16_container\" style=\"margin-bottom:20px;\" class=\"frm_form_field form-field  frm_required_field frm_inline_container vertical_radio\">\r\n    <div  id=\"field_2vpse_label\" class=\"frm_primary_label\">\r\n        <span class=\"frm_required\" aria-hidden=\"true\">*<\/span>\r\n    <\/div>\r\n    <div class=\"frm_opt_container\" aria-labelledby=\"field_2vpse_label\" role=\"group\">\t\t<div class=\"frm_checkbox\" id=\"frm_checkbox_16-0\">\t\t\t<label  for=\"field_2vpse-0\">\n\t\t\t<input type=\"checkbox\" name=\"item_meta[16][]\" id=\"field_2vpse-0\" value=\"Datenschutzerkl\u00e4rung gelesen und akzeptiert\"  data-reqmsg=\"Bitte stimmten Sie der Datenschutzerkl\u00e4rung zu.\" data-invmsg=\"Dieses Feld ist ung\u00fcltig\"   aria-required=\"true\"  \/> Datenschutzerkl\u00e4rung gelesen und akzeptiert<\/label><\/div>\n<\/div>\r\n    \r\n    \r\n<\/div>\n<div id=\"frm_field_15_container\" class=\"frm_form_field form-field  frm_none_container\">\r\n    <label for=\"g-recaptcha-response\" id=\"field_ocrza_label\" class=\"frm_primary_label\">reCAPTCHA\r\n        <span class=\"frm_required\" aria-hidden=\"true\"><\/span>\r\n    <\/label>\r\n    <div  id=\"field_ocrza\" class=\"frm-g-recaptcha\" data-sitekey=\"6LdB35UfAAAAAKvrVOANzAnFelITbP-nMjiL6kLs\" data-size=\"normal\" data-theme=\"light\"><\/div>\r\n    \r\n    \r\n<\/div>\n<div id=\"frm_field_22_container\" class=\"frm_form_field form-field \">\r\n\t<div class=\"frm_submit\" style=\"margin-top:20px\">\r\n\r\n<button class=\"frm_button_submit\" type=\"submit\"  >SENDEN<\/button>\r\n\r\n<\/div>\r\n<\/div>\n\t<input type=\"hidden\" name=\"item_key\" value=\"\" \/>\n\t\t\t<div id=\"frm_field_23_container\">\n\t\t\t<label for=\"field_622g8\" >\n\t\t\t\tFalls Du menschlich bist, lasse dieses Feld leer.\t\t\t<\/label>\n\t\t\t<input  id=\"field_622g8\" type=\"text\" class=\"frm_form_field form-field frm_verify\" name=\"item_meta[23]\" value=\"\"  \/>\n\t\t<\/div>\n\t\t<input name=\"frm_state\" type=\"hidden\" value=\"1094DvGzo3OzK5nT3DLIuDkq\/6UgoVNzptqbY9YBFpvCM2dYfi6D1e2DHYvYOFNO\" \/><\/div>\n<\/fieldset>\n<\/div>\n\n<\/form>\n<\/div>\n[\/vc_column_text][\/vc_column][\/vc_row][vc_row equal_height=&#8220;yes&#8220; content_placement=&#8220;top&#8220; row_content_width=&#8220;grid&#8220; simple_background_color=&#8220;#eeeeee&#8220; css=&#8220;.vc_custom_1651004570563{padding-top: 20px !important;padding-bottom: 30px !important;}&#8220;][vc_column width=&#8220;1\/4&#8243;][vc_single_image image=&#8220;911&#8243; img_size=&#8220;medium&#8220; alignment=&#8220;center&#8220; onclick=&#8220;custom_link&#8220; css_animation=&#8220;fadeInLeft&#8220; link=&#8220;https:\/\/www.ek-plan.at\/cms\/elektroplanung\/&#8220;][\/vc_column][vc_column width=&#8220;1\/4&#8243; css=&#8220;.vc_custom_1651004518691{padding-right: 0px !important;}&#8220;][vc_column_text css_animation=&#8220;fadeInLeft&#8220;]<\/p>\n<h3><a href=\"https:\/\/www.ek-plan.at\/cms\/elektroplanung\/\">Nachhaltige Konzepte<\/a><\/h3>\n<p>Wir erarbeiten mit Ihnen zusammen ein Konzept nach Ihren W\u00fcnschen, nach unseren Erfahrungen und im Rahmen der rechtlichen M\u00f6glichkeiten. <a href=\"https:\/\/www.ek-plan.at\/cms\/elektroplanung\/elektroplanung\/\">Info<\/a>[\/vc_column_text][\/vc_column][vc_column width=&#8220;1\/4&#8243;][vc_single_image image=&#8220;915&#8243; img_size=&#8220;medium&#8220; alignment=&#8220;center&#8220; onclick=&#8220;custom_link&#8220; css_animation=&#8220;fadeInRight&#8220; link=&#8220;https:\/\/www.ek-plan.at\/cms\/gutachten\/&#8220;][\/vc_column][vc_column css_animation=&#8220;fadeInRight&#8220; width=&#8220;1\/4&#8243; css=&#8220;.vc_custom_1651004764133{padding-right: 0px !important;}&#8220;][vc_column_text]<\/p>\n<h3><a href=\"https:\/\/www.ek-plan.at\/cms\/gutachten\/\">Gutachten<\/a><\/h3>\n<p>Ein Gutachten sorgt stets f\u00fcr Gewissheit und Sicherheit. Es bildet somit die zuverl\u00e4ssige Basis f\u00fcr weitere Entscheidungen. <a href=\"https:\/\/www.ek-plan.at\/cms\/elektroplanung\/gutachten\/\">Info<\/a>[\/vc_column_text][\/vc_column][\/vc_row]<\/p>\n<\/div>","protected":false},"excerpt":{"rendered":"<p>[vc_row el_id=&#8220;ek-kontakt-desktop&#8220; anchor=&#8220;ekintro&#8220;][vc_column][\/vc_column][\/vc_row][vc_row gap=&#8220;30&#8243; row_content_width=&#8220;grid&#8220; css=&#8220;.vc_custom_1652391275301{margin-top: 50px !important;margin-bottom: 50px !important;}&#8220;][vc_column width=&#8220;1\/2&#8243; css=&#8220;.vc_custom_1650723979064{margin-bottom: 50px !important;}&#8220;][vc_column_text css=&#8220;.vc_custom_1652738310602{margin-top: 30px !important;}&#8220;]Wirtschaftspark Walgau WP\/W Eugen Getzner Stra\u00dfe 7 6710 Nenzing, \u00d6sterreich[\/vc_column_text][vc_empty_space height=&#8220;20px&#8220;][vc_empty_space height=&#8220;5px&#8220;][vc_empty_space height=&#8220;30px&#8220;][\/vc_column][vc_column width=&#8220;1\/2&#8243; el_id=&#8220;ek-form&#8220;][vc_column_text][\/vc_column_text][\/vc_column][\/vc_row][vc_row equal_height=&#8220;yes&#8220; content_placement=&#8220;top&#8220; row_content_width=&#8220;grid&#8220; simple_background_color=&#8220;#eeeeee&#8220; css=&#8220;.vc_custom_1651004570563{padding-top: 20px !important;padding-bottom: 30px !important;}&#8220;][vc_column [&hellip;]<\/p>\n","protected":false},"author":1,"featured_media":935,"parent":0,"menu_order":90,"comment_status":"closed","ping_status":"closed","template":"full-width.php","meta":{"footnotes":""},"class_list":["post-51","page","type-page","status-publish","has-post-thumbnail","hentry"],"_links":{"self":[{"href":"https:\/\/www.ek-plan.at\/cms\/wp-json\/wp\/v2\/pages\/51","targetHints":{"allow":["GET"]}}],"collection":[{"href":"https:\/\/www.ek-plan.at\/cms\/wp-json\/wp\/v2\/pages"}],"about":[{"href":"https:\/\/www.ek-plan.at\/cms\/wp-json\/wp\/v2\/types\/page"}],"author":[{"embeddable":true,"href":"https:\/\/www.ek-plan.at\/cms\/wp-json\/wp\/v2\/users\/1"}],"replies":[{"embeddable":true,"href":"https:\/\/www.ek-plan.at\/cms\/wp-json\/wp\/v2\/comments?post=51"}],"version-history":[{"count":126,"href":"https:\/\/www.ek-plan.at\/cms\/wp-json\/wp\/v2\/pages\/51\/revisions"}],"predecessor-version":[{"id":1498,"href":"https:\/\/www.ek-plan.at\/cms\/wp-json\/wp\/v2\/pages\/51\/revisions\/1498"}],"wp:featuredmedia":[{"embeddable":true,"href":"https:\/\/www.ek-plan.at\/cms\/wp-json\/wp\/v2\/media\/935"}],"wp:attachment":[{"href":"https:\/\/www.ek-plan.at\/cms\/wp-json\/wp\/v2\/media?parent=51"}],"curies":[{"name":"wp","href":"https:\/\/api.w.org\/{rel}","templated":true}]}}